{"id":8,"date":"2023-09-04T07:38:24","date_gmt":"2023-09-04T07:38:24","guid":{"rendered":"https:\/\/terapiatoivo.fi\/?page_id=8"},"modified":"2023-09-08T18:53:16","modified_gmt":"2023-09-08T18:53:16","slug":"home","status":"publish","type":"page","link":"https:\/\/terapiatoivo.fi\/","title":{"rendered":"Etusivu"},"content":{"rendered":"\n<div class=\"wp-block-cover alignfull\" style=\"min-height:750px;aspect-ratio:unset;\"><span aria-hidden=\"true\" class=\"wp-block-cover__background has-background-dim-40 has-background-dim\" style=\"background-color:#171717\"><\/span><img loading=\"lazy\" decoding=\"async\" width=\"1072\" height=\"796\" class=\"wp-block-cover__image-background wp-image-99\" alt=\"\" src=\"https:\/\/terapiatoivo.fi\/wp-content\/uploads\/2023\/09\/Etusivu-2.png\" data-object-fit=\"cover\" srcset=\"https:\/\/terapiatoivo.fi\/wp-content\/uploads\/2023\/09\/Etusivu-2.png 1072w, https:\/\/terapiatoivo.fi\/wp-content\/uploads\/2023\/09\/Etusivu-2-300x223.png 300w, https:\/\/terapiatoivo.fi\/wp-content\/uploads\/2023\/09\/Etusivu-2-1024x760.png 1024w, https:\/\/terapiatoivo.fi\/wp-content\/uploads\/2023\/09\/Etusivu-2-768x570.png 768w\" sizes=\"auto, (max-width: 1072px) 100vw, 1072px\" \/><div class=\"wp-block-cover__inner-container is-layout-flow wp-block-cover-is-layout-flow\">\n<div class=\"wp-block-columns alignwide are-vertically-aligned-center is-layout-flex wp-container-core-columns-is-layout-28f84493 wp-block-columns-is-layout-flex\">\n<div class=\"wp-block-column is-vertically-aligned-center is-layout-flow wp-block-column-is-layout-flow\" style=\"flex-basis:50%\">\n<h1 class=\"wp-block-heading has-text-color\" style=\"color:#ffffff\">Vaikeuksien kanssa ei tarvitse j\u00e4\u00e4d\u00e4 yksin!<\/h1>\n\n\n\n<p class=\"has-medium-font-size\">Terapiatoivo auttaa.<\/p>\n\n\n\n<p class=\"has-medium-font-size\">Ahtaalta avaralle \u2013 Ratkaisukeskeist\u00e4 lyhytterapiaa Helsingiss\u00e4<\/p>\n\n\n\n<div class=\"wp-block-buttons is-layout-flex wp-block-buttons-is-layout-flex\">\n<div class=\"wp-block-button\"><a class=\"wp-block-button__link has-text-align-center wp-element-button\" href=\"#nain-toimii\" style=\"border-radius:50px\">N\u00e4in se toimii<\/a><\/div>\n<\/div>\n<\/div>\n\n\n\n<div class=\"wp-block-column is-layout-flow wp-block-column-is-layout-flow\" style=\"flex-basis:50%\"><\/div>\n<\/div>\n<\/div><\/div>\n\n\n\n<div class=\"wp-block-columns is-layout-flex wp-container-core-columns-is-layout-28f84493 wp-block-columns-is-layout-flex\">\n<div class=\"wp-block-column is-layout-flow wp-block-column-is-layout-flow\" style=\"flex-basis:100%\">\n<div class=\"wp-block-group alignfull has-ast-global-color-5-background-color has-background is-layout-constrained wp-container-core-group-is-layout-9cedb757 wp-block-group-is-layout-constrained\" style=\"padding-bottom:0px\">\n<div class=\"wp-block-columns are-vertically-aligned-top is-layout-flex wp-container-core-columns-is-layout-00723822 wp-block-columns-is-layout-flex\">\n<div class=\"wp-block-column is-vertically-aligned-top is-layout-flow wp-container-core-column-is-layout-6b73ce23 wp-block-column-is-layout-flow\">\n<figure class=\"wp-block-image size-full\"><img loading=\"lazy\" decoding=\"async\" width=\"684\" height=\"684\" src=\"https:\/\/terapiatoivo.fi\/wp-content\/uploads\/2023\/09\/Luotettavuus-1.png\" alt=\"\" class=\"wp-image-94\" srcset=\"https:\/\/terapiatoivo.fi\/wp-content\/uploads\/2023\/09\/Luotettavuus-1.png 684w, https:\/\/terapiatoivo.fi\/wp-content\/uploads\/2023\/09\/Luotettavuus-1-300x300.png 300w, https:\/\/terapiatoivo.fi\/wp-content\/uploads\/2023\/09\/Luotettavuus-1-150x150.png 150w\" sizes=\"auto, (max-width: 684px) 100vw, 684px\" \/><\/figure>\n\n\n\n<h2 class=\"wp-block-heading has-text-align-left\" style=\"margin-top:16px\">Luotettavuus.<\/h2>\n\n\n\n<p class=\"has-text-align-left\"><\/p>\n<\/div>\n\n\n\n<div class=\"wp-block-column is-vertically-aligned-top is-layout-flow wp-container-core-column-is-layout-6b73ce23 wp-block-column-is-layout-flow\">\n<figure class=\"wp-block-image size-full\"><img loading=\"lazy\" decoding=\"async\" width=\"715\" height=\"715\" src=\"https:\/\/terapiatoivo.fi\/wp-content\/uploads\/2023\/09\/Uus-nain-se-toimii-2.png\" alt=\"\" class=\"wp-image-198\" srcset=\"https:\/\/terapiatoivo.fi\/wp-content\/uploads\/2023\/09\/Uus-nain-se-toimii-2.png 715w, https:\/\/terapiatoivo.fi\/wp-content\/uploads\/2023\/09\/Uus-nain-se-toimii-2-300x300.png 300w, https:\/\/terapiatoivo.fi\/wp-content\/uploads\/2023\/09\/Uus-nain-se-toimii-2-150x150.png 150w\" sizes=\"auto, (max-width: 715px) 100vw, 715px\" \/><\/figure>\n\n\n\n<h2 class=\"wp-block-heading has-text-align-left\" style=\"margin-top:16px\">V\u00e4litt\u00e4minen.<\/h2>\n\n\n\n<p class=\"has-text-align-left\"><\/p>\n<\/div>\n\n\n\n<div class=\"wp-block-column is-vertically-aligned-top is-layout-flow wp-container-core-column-is-layout-6b73ce23 wp-block-column-is-layout-flow\">\n<figure class=\"wp-block-image size-full\"><img loading=\"lazy\" decoding=\"async\" width=\"952\" height=\"952\" src=\"https:\/\/terapiatoivo.fi\/wp-content\/uploads\/2023\/09\/Toivo-1.png\" alt=\"\" class=\"wp-image-96\" srcset=\"https:\/\/terapiatoivo.fi\/wp-content\/uploads\/2023\/09\/Toivo-1.png 952w, https:\/\/terapiatoivo.fi\/wp-content\/uploads\/2023\/09\/Toivo-1-300x300.png 300w, https:\/\/terapiatoivo.fi\/wp-content\/uploads\/2023\/09\/Toivo-1-150x150.png 150w, https:\/\/terapiatoivo.fi\/wp-content\/uploads\/2023\/09\/Toivo-1-768x768.png 768w\" sizes=\"auto, (max-width: 952px) 100vw, 952px\" \/><\/figure>\n\n\n\n<h2 class=\"wp-block-heading has-text-align-left\" style=\"margin-top:16px\">Toivo.<\/h2>\n\n\n\n<p class=\"has-text-align-left\"><\/p>\n<\/div>\n<\/div>\n<\/div>\n<\/div>\n<\/div>\n\n\n\n<div class=\"wp-block-group alignfull has-ast-global-color-8-color has-ast-global-color-4-background-color has-text-color has-background is-layout-flow wp-block-group-is-layout-flow\" id=\"kristina2\">\n<div class=\"wp-block-media-text alignwide is-stacked-on-mobile is-vertically-aligned-center is-image-fill\" style=\"grid-template-columns:55% auto\"><figure class=\"wp-block-media-text__media\" style=\"background-image:url(https:\/\/terapiatoivo.fi\/wp-content\/uploads\/2023\/09\/Valittaminen-1.png);background-position:29% 24%\"><img loading=\"lazy\" decoding=\"async\" width=\"644\" height=\"644\" src=\"https:\/\/terapiatoivo.fi\/wp-content\/uploads\/2023\/09\/Valittaminen-1.png\" alt=\"\" class=\"wp-image-95 size-full\" srcset=\"https:\/\/terapiatoivo.fi\/wp-content\/uploads\/2023\/09\/Valittaminen-1.png 644w, https:\/\/terapiatoivo.fi\/wp-content\/uploads\/2023\/09\/Valittaminen-1-300x300.png 300w, https:\/\/terapiatoivo.fi\/wp-content\/uploads\/2023\/09\/Valittaminen-1-150x150.png 150w\" sizes=\"auto, (max-width: 644px) 100vw, 644px\" \/><\/figure><div class=\"wp-block-media-text__content\">\n<h4 class=\"wp-block-heading has-ast-global-color-8-color has-text-color\">Ratkaisukeskeinen lyhytterapeutti, sairaanhoitaja AMK<\/h4>\n\n\n\n<h2 class=\"wp-block-heading has-ast-global-color-8-color has-text-color\">Kristina Ekqvist<\/h2>\n\n\n\n<p class=\"has-ast-global-color-2-color has-text-color has-medium-font-size\">Oman el\u00e4m\u00e4n vastoink\u00e4ymisten ja terapiakoulutuksen my\u00f6t\u00e4 uskon, ett\u00e4 minulla on mahdollisuuksia auttaa ja tukea sinua haastavissakin el\u00e4m\u00e4ntilanteissasi.<\/p>\n\n\n\n<p class=\"has-ast-global-color-8-color has-text-color has-medium-font-size\">Olen ammattitaitoinen rinnallakulkija, joka kuuntelee ja ohjaa sinua l\u00f6yt\u00e4m\u00e4\u00e4n sopivat ratkaisut. Olen empaattinen ja luotettava. Autan sinua n\u00e4kem\u00e4\u00e4n uusia n\u00e4k\u00f6kulmia, joilla saat uutta toivoa el\u00e4m\u00e4\u00e4si.<\/p>\n<\/div><\/div>\n<\/div>\n\n\n\n<div class=\"wp-block-cover alignfull is-light\" style=\"min-height:720px;aspect-ratio:unset;\" id=\"nain-toimii\"><span aria-hidden=\"true\" class=\"wp-block-cover__background has-background-dim wp-block-cover__gradient-background has-background-gradient\" style=\"background:linear-gradient(35deg,rgb(6,0,151) 0%,rgb(130,4,255) 73%,rgb(193,15,255) 100%)\"><\/span><img loading=\"lazy\" decoding=\"async\" width=\"1920\" height=\"1080\" class=\"wp-block-cover__image-background wp-image-67\" alt=\"\" src=\"https:\/\/terapiatoivo.fi\/wp-content\/uploads\/2023\/09\/Background-color-1.png\" data-object-fit=\"cover\" srcset=\"https:\/\/terapiatoivo.fi\/wp-content\/uploads\/2023\/09\/Background-color-1.png 1920w, https:\/\/terapiatoivo.fi\/wp-content\/uploads\/2023\/09\/Background-color-1-300x169.png 300w, https:\/\/terapiatoivo.fi\/wp-content\/uploads\/2023\/09\/Background-color-1-1024x576.png 1024w, https:\/\/terapiatoivo.fi\/wp-content\/uploads\/2023\/09\/Background-color-1-768x432.png 768w, https:\/\/terapiatoivo.fi\/wp-content\/uploads\/2023\/09\/Background-color-1-1536x864.png 1536w\" sizes=\"auto, (max-width: 1920px) 100vw, 1920px\" \/><div class=\"wp-block-cover__inner-container is-layout-flow wp-block-cover-is-layout-flow\">\n<div class=\"inherit-container-width wp-block-group alignwide is-layout-constrained wp-block-group-is-layout-constrained\">\n<div class=\"wp-block-cover alignfull is-light\"><span aria-hidden=\"true\" class=\"wp-block-cover__background has-background-dim-0 has-background-dim\"><\/span><div class=\"wp-block-cover__inner-container is-layout-flow wp-block-cover-is-layout-flow\">\n<h2 class=\"wp-block-heading has-text-align-left has-white-color has-text-color has-large-font-size\">N\u00e4in ratkaisu-keskeinen lyhyterapia toimii<\/h2>\n\n\n\n<p class=\"has-medium-font-size\">Terapiaa Helsingin keskustassa tai et\u00e4n\u00e4. Ratkaisukeskeinen lyhytterapia keskittyy voimavaroihin ja auttaa l\u00f6yt\u00e4m\u00e4\u00e4n uusia n\u00e4kokulmia.<\/p>\n\n\n\n<p class=\"has-medium-font-size\">Terapia voi olla my\u00f6s lyhytkestoista, tilanteestasi riippuen. Jo yksikin kerta voi tuoda apua. Tavallisesti terapia kest\u00e4\u00e4 5-20 k\u00e4ynnin verran.<\/p>\n\n\n\n<p class=\"has-medium-font-size\">Ratkaisukeskeinen terapia soveltuu niin el\u00e4m\u00e4n solmukohtiin kuin itsetunnon, ahdistuksen, masennuksen ja yksin\u00e4isyyden ongelmiin.<\/p>\n\n\n\n<p class=\"has-medium-font-size\">Etsit\u00e4\u00e4n yhdess\u00e4 ratkaisu, jolla p\u00e4\u00e4see ahtaalta avaralle.<\/p>\n\n\n\n<div class=\"wp-block-buttons is-layout-flex wp-block-buttons-is-layout-flex\">\n<div class=\"wp-block-button\"><a class=\"wp-block-button__link wp-element-button\" href=\"mailto:kristina@terapiatoivo.fi\">Ota yhteytt\u00e4<\/a><\/div>\n<\/div>\n<\/div><\/div>\n<\/div>\n<\/div><\/div>\n\n\n\n<div id=\"asiakas\" class=\"wp-block-uagb-container uagb-block-c399c863 alignfull uagb-is-root-container\"><div class=\"uagb-container-inner-blocks-wrap\">\n<div class=\"wp-block-uagb-advanced-heading uagb-block-add2d6f0\"><h2 class=\"uagb-heading-text\">Asiakaskokemuksia<\/h2><\/div>\n\n\n\n<div class=\"wp-block-uagb-separator uagb-block-2992a074\"><div class=\"wp-block-uagb-separator__inner\" style=\"--my-background-image:\"><\/div><\/div>\n\n\n\n<div class=\"wp-block-uagb-container uagb-block-3dee558c\">\n<div class=\"wp-block-uagb-container uagb-block-583e40e2\">\n<p>&#8221;Koin, ett\u00e4 minua kuunneltiin aidosti&#8221;<\/p>\n<\/div>\n\n\n\n<div class=\"wp-block-uagb-container uagb-block-cbc95d91\">\n<p>&#8221;Lyhyterapiassa k\u00e4ytetyt tekniikat todella auttoivat&#8221;<\/p>\n<\/div>\n\n\n\n<div class=\"wp-block-uagb-container uagb-block-20cc3fff\">\n<p>&#8221;El\u00e4m\u00e4ss\u00e4ni on tapahtunut muutosta parempaan&#8221;<\/p>\n<\/div>\n\n\n\n<div class=\"wp-block-uagb-container uagb-block-758b3548\">\n<p>&#8221;Itsetuntoni ja k\u00e4sitykseni itsest\u00e4ni on kohentunut&#8221;<\/p>\n<\/div>\n\n\n\n<div class=\"wp-block-uagb-container uagb-block-2cd091f9\">\n<p>&#8221;Sain apua ja voin suositella terapiaa muillekin&#8221;<\/p>\n<\/div>\n\n\n\n<div class=\"wp-block-uagb-container uagb-block-979a05e2\">\n<p>&#8221;Kristina on tosi mukava ja l\u00e4mmin ihminen&#8221;<\/p>\n<\/div>\n<\/div>\n<\/div><\/div>\n\n\n\n<div class=\"wp-block-group alignfull is-content-justification-center is-layout-constrained wp-block-group-is-layout-constrained\" id=\"whyus\" style=\"padding-top:144px;padding-bottom:144px\">\n<h2 class=\"wp-block-heading\">Ota yhteytt\u00e4 \/ Contact<\/h2>\n\n\n\n<div class=\"wp-block-columns is-layout-flex wp-container-core-columns-is-layout-29aadeec wp-block-columns-is-layout-flex\" style=\"margin-top:60px\">\n<div class=\"wp-block-column is-layout-flow wp-container-core-column-is-layout-6b73ce23 wp-block-column-is-layout-flow\">\n<figure class=\"wp-block-image size-large\"><img decoding=\"async\" src=\"https:\/\/terapiatoivo.fi\/wp-content\/themes\/astra\/inc\/assets\/images\/starter-content\/passionate.svg\" alt=\"\" class=\"wp-image-162\"\/><\/figure>\n\n\n\n<h3 class=\"wp-block-heading\" style=\"margin-top:16px\">Ollaan ensin yhteyksiss\u00e4 puhelimen tai s\u00e4hk\u00f6postin kautta<\/h3>\n\n\n\n<p>Puhelin: <br>040 777 5626<\/p>\n\n\n\n<p>S\u00e4hk\u00f6posti:<br><a href=\"mailto:kristina@terapaitoivo.fi\">kristina@terapiatoivo.fi<\/a><\/p>\n\n\n\n<p>Suomeksi ja englanniksi \/ Finnish and English<\/p>\n<\/div>\n\n\n\n<div class=\"wp-block-column is-layout-flow wp-container-core-column-is-layout-6b73ce23 wp-block-column-is-layout-flow\">\n<figure class=\"wp-block-image size-large\"><img decoding=\"async\" src=\"https:\/\/terapiatoivo.fi\/wp-content\/themes\/astra\/inc\/assets\/images\/starter-content\/professional.svg\" alt=\"\" class=\"wp-image-163\"\/><\/figure>\n\n\n\n<h3 class=\"wp-block-heading\" style=\"margin-top:16px\">Mietit\u00e4\u00e4n mik\u00e4 olisi hyv\u00e4 tapaamismuoto (et\u00e4n\u00e4 tai kasvokkain)<\/h3>\n\n\n\n<p>Toimitilat sijaitsevat osoitteessa Fredrikinkatu 29 A 4.krs.<\/p>\n\n\n\n<p>My\u00f6s Teams \/ soittomahdollisuus.<\/p>\n<\/div>\n\n\n\n<div class=\"wp-block-column is-layout-flow wp-container-core-column-is-layout-6b73ce23 wp-block-column-is-layout-flow\">\n<figure class=\"wp-block-image size-large\"><img decoding=\"async\" src=\"https:\/\/terapiatoivo.fi\/wp-content\/themes\/astra\/inc\/assets\/images\/starter-content\/support.svg\" alt=\"\" class=\"wp-image-164\"\/><\/figure>\n\n\n\n<h3 class=\"wp-block-heading\" style=\"margin-top:16px\">Sovitaan hyv\u00e4 ajankohta<\/h3>\n\n\n\n<p>Jatketaan juttua ja kuljetaan eteenp\u00e4in.<\/p>\n\n\n\n<p>Ratkaisukeskeinen lyhytterapia (1 kerta):<\/p>\n\n\n\n<p>(45 min) 70 \u20ac<\/p>\n<\/div>\n<\/div>\n<\/div>\n\n\n\n<div class=\"wp-block-group alignfull has-ast-global-color-8-color has-vivid-purple-background-color has-text-color has-background is-layout-constrained wp-container-core-group-is-layout-cfcca693 wp-block-group-is-layout-constrained\" id=\"contact\" style=\"padding-top:104px;padding-bottom:104px\">\n<h2 class=\"wp-block-heading has-text-align-center has-ast-global-color-5-color has-text-color\">Ratkaisukeskeinen lyhytterapia (1 kerta)<\/h2>\n\n\n\n<h2 class=\"wp-block-heading has-text-align-center has-ast-global-color-5-color has-text-color\">45 min 70 euroa<\/h2>\n\n\n\n<div class=\"wp-block-buttons alignwide is-horizontal is-content-justification-center is-layout-flex wp-container-core-buttons-is-layout-bba8380a wp-block-buttons-is-layout-flex\" style=\"margin-top:50px\">\n<div class=\"wp-block-button\"><a class=\"wp-block-button__link wp-element-button\" href=\"mailto:kristina@terapiatoivo.fi\">L\u00e4het\u00e4 s\u00e4hk\u00f6postia ja kysy lis\u00e4\u00e4<\/a><\/div>\n<\/div>\n<\/div>\n","protected":false},"excerpt":{"rendered":"<p>Luotettavuus. V\u00e4litt\u00e4minen. Toivo. Ratkaisukeskeinen lyhytterapeutti, sairaanhoitaja AMK Kristina Ekqvist Oman el\u00e4m\u00e4n vastoink\u00e4ymisten ja terapiakoulutuksen my\u00f6t\u00e4 uskon, ett\u00e4 minulla on mahdollisuuksia auttaa ja tukea sinua haastavissakin el\u00e4m\u00e4ntilanteissasi. Olen ammattitaitoinen rinnallakulkija, joka kuuntelee ja ohjaa sinua l\u00f6yt\u00e4m\u00e4\u00e4n sopivat ratkaisut. Olen empaattinen ja luotettava. Autan sinua n\u00e4kem\u00e4\u00e4n uusia n\u00e4k\u00f6kulmia, joilla saat uutta toivoa el\u00e4m\u00e4\u00e4si. Asiakaskokemuksia &#8221;Koin, ett\u00e4 minua &hellip;<\/p>\n<p class=\"read-more\"> <a class=\"\" href=\"https:\/\/terapiatoivo.fi\/\"> <span class=\"screen-reader-text\">Etusivu<\/span> Lue lis\u00e4\u00e4 &raquo;<\/a><\/p>\n","protected":false},"author":1,"featured_media":0,"parent":0,"menu_order":0,"comment_status":"closed","ping_status":"closed","template":"","meta":{"_uag_custom_page_level_css":"","site-sidebar-layout":"no-sidebar","site-content-layout":"plain-container","ast-site-content-layout":"full-width-container","site-content-style":"default","site-sidebar-style":"default","ast-global-header-display":"","ast-banner-title-visibility":"","ast-main-header-display":"","ast-hfb-above-header-display":"","ast-hfb-below-header-display":"","ast-hfb-mobile-header-display":"","site-post-title":"disabled","ast-breadcrumbs-content":"","ast-featured-img":"","footer-sml-layout":"","theme-transparent-header-meta":"enabled","adv-header-id-meta":"","stick-header-meta":"","header-above-stick-meta":"","header-main-stick-meta":"","header-below-stick-meta":"","astra-migrate-meta-layouts":"","footnotes":""},"class_list":["post-8","page","type-page","status-publish","hentry"],"uagb_featured_image_src":{"full":false,"thumbnail":false,"medium":false,"medium_large":false,"large":false,"1536x1536":false,"2048x2048":false},"uagb_author_info":{"display_name":"admin","author_link":"https:\/\/terapiatoivo.fi\/index.php\/author\/iqyftfem\/"},"uagb_comment_info":0,"uagb_excerpt":"Luotettavuus. V\u00e4litt\u00e4minen. Toivo. Ratkaisukeskeinen lyhytterapeutti, sairaanhoitaja AMK Kristina Ekqvist Oman el\u00e4m\u00e4n vastoink\u00e4ymisten ja terapiakoulutuksen my\u00f6t\u00e4 uskon, ett\u00e4 minulla on mahdollisuuksia auttaa ja tukea sinua haastavissakin el\u00e4m\u00e4ntilanteissasi. Olen ammattitaitoinen rinnallakulkija, joka kuuntelee ja ohjaa sinua l\u00f6yt\u00e4m\u00e4\u00e4n sopivat ratkaisut. Olen empaattinen ja luotettava. Autan sinua n\u00e4kem\u00e4\u00e4n uusia n\u00e4k\u00f6kulmia, joilla saat uutta toivoa el\u00e4m\u00e4\u00e4si. Asiakaskokemuksia &#8221;Koin, ett\u00e4 minua&hellip;","_links":{"self":[{"href":"https:\/\/terapiatoivo.fi\/index.php\/wp-json\/wp\/v2\/pages\/8","targetHints":{"allow":["GET"]}}],"collection":[{"href":"https:\/\/terapiatoivo.fi\/index.php\/wp-json\/wp\/v2\/pages"}],"about":[{"href":"https:\/\/terapiatoivo.fi\/index.php\/wp-json\/wp\/v2\/types\/page"}],"author":[{"embeddable":true,"href":"https:\/\/terapiatoivo.fi\/index.php\/wp-json\/wp\/v2\/users\/1"}],"replies":[{"embeddable":true,"href":"https:\/\/terapiatoivo.fi\/index.php\/wp-json\/wp\/v2\/comments?post=8"}],"version-history":[{"count":108,"href":"https:\/\/terapiatoivo.fi\/index.php\/wp-json\/wp\/v2\/pages\/8\/revisions"}],"predecessor-version":[{"id":204,"href":"https:\/\/terapiatoivo.fi\/index.php\/wp-json\/wp\/v2\/pages\/8\/revisions\/204"}],"wp:attachment":[{"href":"https:\/\/terapiatoivo.fi\/index.php\/wp-json\/wp\/v2\/media?parent=8"}],"curies":[{"name":"wp","href":"https:\/\/api.w.org\/{rel}","templated":true}]}}